{"id":123,"date":"2021-04-22T09:18:12","date_gmt":"2021-04-22T07:18:12","guid":{"rendered":"https:\/\/www.kes-airsoft.de\/?page_id=123"},"modified":"2022-02-03T15:50:43","modified_gmt":"2022-02-03T13:50:43","slug":"main","status":"publish","type":"page","link":"https:\/\/www.kes-airsoft.de\/","title":{"rendered":""},"content":{"rendered":"\n<p>Die Kommandoeinheit Sierra begr\u00fc\u00dft euch herzlich auf der Team Website.<\/p>\n\n\n\n<p>Wir sind ein kleines <a href=\"https:\/\/www.kes-airsoft.de\/index.php\/2021\/04\/20\/das-team\/\" data-type=\"URL\" data-id=\"https:\/\/www.kes-airsoft.de\/index.php\/2021\/04\/20\/das-team\/\">Airsoft Team<\/a> aus der Region der L\u00fcneburger Heide. Urspr\u00fcnglich durch 4 Freunde gegr\u00fcndet. Die Stammspieler sind Mate, Thorben, Tectics, Tronix, SemperTy, Vyntz und Scutz. Wir treffen uns gelegentlich zu gemeinsamen Spieltagen auf Stammspielfeldern in Mecklenburg-Vorpommern und Niedersachsen oder auf Gelegenheitsspielen im gesamten nord- \/ mitteldeutschen Raum. Wir betreiben Airsoft als freizeitlichen Sport am Wochenende, f\u00fcr uns ist dies ein Hobby. <\/p>\n\n\n\n<p>Der Beitritt zu unserem Team steht jedem offen. Wir stehen allen Erfahrungsklassen freundlich gegen\u00fcber. Eine \u00f6rtliche N\u00e4he im norddeutschen Bereich ist vorrausgesetzt. Es muss das 18. Lebensjahr vollendet sein und deutsche Gesetze m\u00fcssen vollst\u00e4ndig eingehalten werden, hierzu haben wir eine kleine <a data-type=\"URL\" data-id=\"https:\/\/www.kes-airsoft.de\/index.php\/2021\/04\/21\/rechtliche-rahmenbedingungen\/\" href=\"https:\/\/www.kes-airsoft.de\/index.php\/2021\/04\/21\/rechtliche-rahmenbedingungen\/\">\u00dcbersicht<\/a> verfasst. Unser Team besitzt keine spezifische Teamtarnung. Der Kontakt kann gerne \u00fcber unsere <a href=\"https:\/\/www.airsoft-verzeichnis.de\/index.php?status=team&amp;teamnummer=12777\" data-type=\"URL\" data-id=\"https:\/\/www.airsoft-verzeichnis.de\/index.php?status=team&amp;teamnummer=12777\">ASVZ Seite<\/a> gekn\u00fcpft werden.<\/p>\n\n\n\n<p>Wir besitzen mehr als 6 Jahre Erfahrung in Airsoft und haben bereits einige Expertise in der Auswahl der Ausr\u00fcstung. In folgendem Bereich k\u00f6nnt ihr pers\u00f6nliche Erfahrungen von unserem <a href=\"https:\/\/www.kes-airsoft.de\/index.php\/category\/reviews\/\" data-type=\"URL\" data-id=\"https:\/\/www.kes-airsoft.de\/index.php\/category\/reviews\/\">Gear (Review)<\/a> begutachten. <\/p>\n\n\n\n<p>Unter den <a href=\"https:\/\/www.kes-airsoft.de\/index.php\/category\/basics-101\/\" data-type=\"URL\" data-id=\"https:\/\/www.kes-airsoft.de\/index.php\/category\/basics-101\/\">101 Basics<\/a> k\u00f6nnen sich insbesondere Einsteiger einen schnellen \u00dcberblick \u00fcber unsere Erfahrungen und Tipps beim Einstieg in das Hobby verschaffen.<\/p>\n\n\n\n<p>Im letzten Bereich erhaltet ihr einen \u00dcberblick unserer Einblicke auf den <a href=\"https:\/\/www.kes-airsoft.de\/index.php\/category\/spielfelder\/\" data-type=\"URL\" data-id=\"https:\/\/www.kes-airsoft.de\/index.php\/category\/spielfelder\/\">Spielfeldern<\/a> in der Region.<\/p>\n\n\n\n<p><\/p>\n","protected":false},"excerpt":{"rendered":"<p><a href=\"https:\/\/www.kes-airsoft.de\/\" class=\"more-link\">zum Beitrag<span class=\"screen-reader-text\"><\/span><\/a><\/p>\n","protected":false},"author":1,"featured_media":0,"parent":0,"menu_order":0,"comment_status":"closed","ping_status":"closed","template":"","meta":{"footnotes":""},"class_list":["post-123","page","type-page","status-publish","hentry"],"_links":{"self":[{"href":"https:\/\/www.kes-airsoft.de\/index.php\/wp-json\/wp\/v2\/pages\/123","targetHints":{"allow":["GET"]}}],"collection":[{"href":"https:\/\/www.kes-airsoft.de\/index.php\/wp-json\/wp\/v2\/pages"}],"about":[{"href":"https:\/\/www.kes-airsoft.de\/index.php\/wp-json\/wp\/v2\/types\/page"}],"author":[{"embeddable":true,"href":"https:\/\/www.kes-airsoft.de\/index.php\/wp-json\/wp\/v2\/users\/1"}],"replies":[{"embeddable":true,"href":"https:\/\/www.kes-airsoft.de\/index.php\/wp-json\/wp\/v2\/comments?post=123"}],"version-history":[{"count":42,"href":"https:\/\/www.kes-airsoft.de\/index.php\/wp-json\/wp\/v2\/pages\/123\/revisions"}],"predecessor-version":[{"id":3170,"href":"https:\/\/www.kes-airsoft.de\/index.php\/wp-json\/wp\/v2\/pages\/123\/revisions\/3170"}],"wp:attachment":[{"href":"https:\/\/www.kes-airsoft.de\/index.php\/wp-json\/wp\/v2\/media?parent=123"}],"curies":[{"name":"wp","href":"https:\/\/api.w.org\/{rel}","templated":true}]}}